{"id":14847,"date":"2017-11-23T23:15:50","date_gmt":"2017-11-23T21:15:50","guid":{"rendered":"https:\/\/nacersordo.com\/?page_id=14847"},"modified":"2018-12-18T14:18:41","modified_gmt":"2018-12-18T12:18:41","slug":"empresas-adaptadas","status":"publish","type":"page","link":"https:\/\/nacersordo.com\/en\/empresas-adaptadas\/","title":{"rendered":"Adapted companies"},"content":{"rendered":"<div id=\"cmsmasters_row_9328363a57\" class=\"cmsmasters_row cmsmasters_color_scheme_default cmsmasters_row_top_default cmsmasters_row_bot_default cmsmasters_row_boxed\">\n<div class=\"cmsmasters_row_outer_parent\">\n<div class=\"cmsmasters_row_outer\">\n<div class=\"cmsmasters_row_inner\">\n<div class=\"cmsmasters_row_margin\">\n<div class=\"cmsmasters_column one_first\">\n<div class=\"cmsmasters_img  cmsmasters_image_n with_caption sin-pie\">\n<img decoding=\"async\" src=\"https:\/\/nacersordo.com\/wp-content\/uploads\/2017\/09\/asociaciones-y-empresas.jpg\" alt=\"  Businessmen around a table - Adapted companies\" \/>\n<p class=\"cmsmasters_img_caption\"> Businessmen around a table - Adapted companies<\/p><\/div>\n<div id=\"cmsmasters_heading_899972445e\" class=\"cmsmasters_heading_wrap cmsmasters_heading_align_left\">\n\t<h2 class=\"cmsmasters_heading\">Adapted companies<\/h2>\n<\/div>\n<\/div>\n<\/div>\n<\/div>\n<\/div>\n<\/div>\n<\/div>\n<div id=\"cmsmasters_row_jjx1kw4s2q\" class=\"cmsmasters_row cmsmasters_color_scheme_default cmsmasters_row_top_default cmsmasters_row_bot_default cmsmasters_row_boxed\">\n<div class=\"cmsmasters_row_outer_parent\">\n<div class=\"cmsmasters_row_outer\">\n<div class=\"cmsmasters_row_inner\">\n<div class=\"cmsmasters_row_margin\">\n<div class=\"cmsmasters_column one_first\">\n<div class=\"cmsmasters_text\">\n<p><span style=\"font-weight: 400;\">Do you know adapted companies and \/ or entities that are not in this list? If so, let us know by <\/span><a href=\"https:\/\/nacersordo.com\/en\/contacto\/\"><span style=\"font-weight: 400;\">clicking here<\/span><\/a><span style=\"font-weight: 400;\">. Remember that you can expand all this information together with the spanish and international specialized centers for the deaf <a href=\"https:\/\/nacersordo.com\/en\/educacion\/\">in the <\/a><\/span><span style=\"font-weight: 400;\">education section<\/span><span style=\"font-weight: 400;\">.<\/span><\/p>\n<\/div>\n<\/div>\n<\/div>\n<\/div>\n<\/div>\n<\/div>\n<\/div>\n<div id=\"cmsmasters_row_wuxr80sh4p\" class=\"cmsmasters_row cmsmasters_color_scheme_default cmsmasters_row_top_default cmsmasters_row_bot_default cmsmasters_row_boxed\">\n<div class=\"cmsmasters_row_outer_parent\">\n<div class=\"cmsmasters_row_outer\">\n<div class=\"cmsmasters_row_inner\">\n<div class=\"cmsmasters_row_margin\">\n<div class=\"cmsmasters_column one_first\">\n<div id=\"portfolio_kaz3ar0is6\" class=\"cmsmasters_wrap_portfolio entry-summary cuadricula-empresas \" data-layout=\"grid\" data-layout-mode=\"masonry\" data-url=\"https:\/\/nacersordo.com\/wp-content\/plugins\/cmsmasters-content-composer\/\" data-orderby=\"name\" data-order=\"ASC\" data-count=\"10\" data-categories=\"chiropody,driving-schools,early-attention,education,osteopathy,pedagogy,physiotherapy,psychology,psychomotor,sign-language-interpreters,speech-therapy,travel-agency\" data-metadata=\"title,excerpt,more\"><div class=\"cmsmasters_project_filter_wrap cmsmasters_items_filter_wrap\">\n\t\t<div class=\"cmsmasters_project_filter cmsmasters_items_filter\">\n\t\t\t<span class=\"cmsmasters_project_filter_loader cmsmasters_items_filter_loader\"><\/span><div class=\"cmsmasters_project_filter_block cmsmasters_items_filter_block\">\n\t\t\t\t\t<a class=\"cmsmasters_project_filter_but cmsmasters_items_filter_but cmsmasters_theme_icon_resp_nav button\">\n\t\t\t\t\t\t<span>Filter<\/span>\n\t\t\t\t\t<\/a>\n\t\t\t\t\t<ul class=\"cmsmasters_project_filter_list cmsmasters_items_filter_list\">\n\t\t\t\t\t\t<li class=\"current\">\n\t\t\t\t\t\t\t<a class=\"button\" data-filter=\"article.project\"  title=\"All\" href=\"javascript:void(0);\">\n\t\t\t\t\t\t\t\t<span>All<\/span>\n\t\t\t\t\t\t\t<\/a>\n\t\t\t\t\t\t<\/li><li>\n\t\t\t\t\t\t\t\t\t<a class=\"button\" href=\"#\" data-filter=\"article.project[data-category~='chiropody']\" title=\"Chiropody\">\n\t\t\t\t\t\t\t\t\t\t<span>Chiropody<\/span>\n\t\t\t\t\t\t\t\t\t<\/a>\n\t\t\t\t\t\t\t\t<\/li><li>\n\t\t\t\t\t\t\t\t\t<a class=\"button\" href=\"#\" data-filter=\"article.project[data-category~='driving-schools']\" title=\"Driving schools\">\n\t\t\t\t\t\t\t\t\t\t<span>Driving schools<\/span>\n\t\t\t\t\t\t\t\t\t<\/a>\n\t\t\t\t\t\t\t\t<\/li><li>\n\t\t\t\t\t\t\t\t\t<a class=\"button\" href=\"#\" data-filter=\"article.project[data-category~='early-attention']\" title=\"Early attention\">\n\t\t\t\t\t\t\t\t\t\t<span>Early attention<\/span>\n\t\t\t\t\t\t\t\t\t<\/a>\n\t\t\t\t\t\t\t\t<\/li><li>\n\t\t\t\t\t\t\t\t\t<a class=\"button\" href=\"#\" data-filter=\"article.project[data-category~='education']\" title=\"Education\">\n\t\t\t\t\t\t\t\t\t\t<span>Education<\/span>\n\t\t\t\t\t\t\t\t\t<\/a>\n\t\t\t\t\t\t\t\t<\/li><li>\n\t\t\t\t\t\t\t\t\t<a class=\"button\" href=\"#\" data-filter=\"article.project[data-category~='osteopathy']\" title=\"Osteopathy\">\n\t\t\t\t\t\t\t\t\t\t<span>Osteopathy<\/span>\n\t\t\t\t\t\t\t\t\t<\/a>\n\t\t\t\t\t\t\t\t<\/li><li>\n\t\t\t\t\t\t\t\t\t<a class=\"button\" href=\"#\" data-filter=\"article.project[data-category~='pedagogy']\" title=\"Pedagogy\">\n\t\t\t\t\t\t\t\t\t\t<span>Pedagogy<\/span>\n\t\t\t\t\t\t\t\t\t<\/a>\n\t\t\t\t\t\t\t\t<\/li><li>\n\t\t\t\t\t\t\t\t\t<a class=\"button\" href=\"#\" data-filter=\"article.project[data-category~='physiotherapy']\" title=\"Physiotherapy\">\n\t\t\t\t\t\t\t\t\t\t<span>Physiotherapy<\/span>\n\t\t\t\t\t\t\t\t\t<\/a>\n\t\t\t\t\t\t\t\t<\/li><li>\n\t\t\t\t\t\t\t\t\t<a class=\"button\" href=\"#\" data-filter=\"article.project[data-category~='psychology']\" title=\"Psychology\">\n\t\t\t\t\t\t\t\t\t\t<span>Psychology<\/span>\n\t\t\t\t\t\t\t\t\t<\/a>\n\t\t\t\t\t\t\t\t<\/li><li>\n\t\t\t\t\t\t\t\t\t<a class=\"button\" href=\"#\" data-filter=\"article.project[data-category~='psychomotor']\" title=\"Psychomotor\">\n\t\t\t\t\t\t\t\t\t\t<span>Psychomotor<\/span>\n\t\t\t\t\t\t\t\t\t<\/a>\n\t\t\t\t\t\t\t\t<\/li><li>\n\t\t\t\t\t\t\t\t\t<a class=\"button\" href=\"#\" data-filter=\"article.project[data-category~='sign-language-interpreters']\" title=\"Sign language interpreters\">\n\t\t\t\t\t\t\t\t\t\t<span>Sign language interpreters<\/span>\n\t\t\t\t\t\t\t\t\t<\/a>\n\t\t\t\t\t\t\t\t<\/li><li>\n\t\t\t\t\t\t\t\t\t<a class=\"button\" href=\"#\" data-filter=\"article.project[data-category~='speech-therapy']\" title=\"Speech therapy\">\n\t\t\t\t\t\t\t\t\t\t<span>Speech therapy<\/span>\n\t\t\t\t\t\t\t\t\t<\/a>\n\t\t\t\t\t\t\t\t<\/li><li>\n\t\t\t\t\t\t\t\t\t<a class=\"button\" href=\"#\" data-filter=\"article.project[data-category~='travel-agency']\" title=\"Travel agency\">\n\t\t\t\t\t\t\t\t\t\t<span>Travel agency<\/span>\n\t\t\t\t\t\t\t\t\t<\/a>\n\t\t\t\t\t\t\t\t<\/li><\/ul>\n\t\t\t\t<\/div><\/div>\n\t<\/div><div class=\"portfolio grid large_gap masonry cmsmasters_4\"><!--_________________________ Start Project Grid Article _________________________ -->\n<article id=\"post-14972\" class=\"cmsmasters_project_grid post-14972 project type-project status-publish format-standard has-post-thumbnail hentry pj-categs-atencion-temprana pj-categs-early-attention pj-categs-logopedia pj-categs-psicomotricidad pj-categs-psychomotor pj-categs-speech-therapy\" data-category=\"atencion-temprana early-attention logopedia psicomotricidad psychomotor speech-therapy\">\n\t<div class=\"project_outer\">\n\t<figure class=\"cmsmasters_img_rollover_wrap preloader highImg\"><img loading=\"lazy\" decoding=\"async\" width=\"553\" height=\"331\" src=\"https:\/\/nacersordo.com\/wp-content\/uploads\/2017\/11\/albia-berri-1.jpg\" class=\"full-width wp-post-image\" alt=\"Centro Logop\u00e9dico Albia Berri\" title=\"Centro Logop\u00e9dico Albia Berri\" srcset=\"https:\/\/nacersordo.com\/wp-content\/uploads\/2017\/11\/albia-berri-1.jpg 553w, https:\/\/nacersordo.com\/wp-content\/uploads\/2017\/11\/albia-berri-1-300x180.jpg 300w\" sizes=\"(max-width: 553px) 100vw, 553px\" \/><div class=\"cmsmasters_img_rollover\"><a href=\"https:\/\/nacersordo.com\/en\/project\/albia-berri\/\" title=\"Centro Logop\u00e9dico Albia Berri\" class=\"cmsmasters_open_link\"><\/a><\/div><\/figure><div class=\"project_inner\"><header class=\"cmsmasters_project_header entry-header\"><h3 class=\"cmsmasters_project_title entry-title\"><a href=\"https:\/\/nacersordo.com\/en\/project\/albia-berri\/\">Centro Logop\u00e9dico Albia Berri<\/a><\/h3><\/header><div class=\"cmsmasters_project_content entry-content\">\n<p>Especialistas en trastornos auditivos \/\u00a0Specialists in hearing disorders C\/ San Vicente, 8 Planta 5 Departamento F Edificio Albia Torre II\u00a048001...<\/p>\n<\/div>\n<footer class=\"cmsmasters_project_footer entry-meta\"><a class=\"cmsmasters_project_read_more\" href=\"https:\/\/nacersordo.com\/en\/project\/albia-berri\/\">Leer m\u00e1s \/ Read more<\/a><div class=\"cmsmasters_project_footer_meta_info\"><\/div><\/footer><\/div><span class=\"dn meta-date\">20171129194925<\/span>\t<\/div>\n<\/article>\n<!--_________________________ Finish Project Grid Article _________________________ -->\n\n<!--_________________________ Start Project Grid Article _________________________ -->\n<article id=\"post-15891\" class=\"cmsmasters_project_grid post-15891 project type-project status-publish format-standard has-post-thumbnail hentry pj-categs-autoescuelas pj-categs-driving-schools\" data-category=\"autoescuelas driving-schools\">\n\t<div class=\"project_outer\">\n\t<figure class=\"cmsmasters_img_rollover_wrap preloader highImg\"><img loading=\"lazy\" decoding=\"async\" width=\"553\" height=\"331\" src=\"https:\/\/nacersordo.com\/wp-content\/uploads\/2018\/02\/sprint.jpg\" class=\"full-width wp-post-image\" alt=\"Autoescuela Sprint\" title=\"Autoescuela Sprint\" srcset=\"https:\/\/nacersordo.com\/wp-content\/uploads\/2018\/02\/sprint.jpg 553w, https:\/\/nacersordo.com\/wp-content\/uploads\/2018\/02\/sprint-300x180.jpg 300w\" sizes=\"(max-width: 553px) 100vw, 553px\" \/><div class=\"cmsmasters_img_rollover\"><a href=\"https:\/\/nacersordo.com\/en\/project\/autoescuela-sprint\/\" title=\"Autoescuela Sprint\" class=\"cmsmasters_open_link\"><\/a><\/div><\/figure><div class=\"project_inner\"><header class=\"cmsmasters_project_header entry-header\"><h3 class=\"cmsmasters_project_title entry-title\"><a href=\"https:\/\/nacersordo.com\/en\/project\/autoescuela-sprint\/\">Autoescuela Sprint<\/a><\/h3><\/header><div class=\"cmsmasters_project_content entry-content\">\n<p>Autoescuela adaptada para discapacitados auditivos \/ Driving school adapted for the hearing impaired C\/ La Via, 57\u00a028019 Madrid Telf:\u00a0914 694...<\/p>\n<\/div>\n<footer class=\"cmsmasters_project_footer entry-meta\"><a class=\"cmsmasters_project_read_more\" href=\"https:\/\/nacersordo.com\/en\/project\/autoescuela-sprint\/\">Read More<\/a><div class=\"cmsmasters_project_footer_meta_info\"><\/div><\/footer><\/div><span class=\"dn meta-date\">20180226182201<\/span>\t<\/div>\n<\/article>\n<!--_________________________ Finish Project Grid Article _________________________ -->\n\n<!--_________________________ Start Project Grid Article _________________________ -->\n<article id=\"post-15881\" class=\"cmsmasters_project_grid post-15881 project type-project status-publish format-standard has-post-thumbnail hentry pj-categs-autoescuelas pj-categs-driving-schools\" data-category=\"autoescuelas driving-schools\">\n\t<div class=\"project_outer\">\n\t<figure class=\"cmsmasters_img_rollover_wrap preloader highImg\"><img loading=\"lazy\" decoding=\"async\" width=\"475\" height=\"283\" src=\"https:\/\/nacersordo.com\/wp-content\/uploads\/2018\/02\/gala-e1519659962552.png\" class=\"full-width wp-post-image\" alt=\"Autoescuela Gala\" title=\"Autoescuela Gala\" srcset=\"https:\/\/nacersordo.com\/wp-content\/uploads\/2018\/02\/gala-e1519659962552.png 475w, https:\/\/nacersordo.com\/wp-content\/uploads\/2018\/02\/gala-e1519659962552-300x179.png 300w\" sizes=\"(max-width: 475px) 100vw, 475px\" \/><div class=\"cmsmasters_img_rollover\"><a href=\"https:\/\/nacersordo.com\/en\/project\/autoescuelas-gala\/\" title=\"Autoescuela Gala\" class=\"cmsmasters_open_link\"><\/a><\/div><\/figure><div class=\"project_inner\"><header class=\"cmsmasters_project_header entry-header\"><h3 class=\"cmsmasters_project_title entry-title\"><a href=\"https:\/\/nacersordo.com\/en\/project\/autoescuelas-gala\/\">Autoescuela Gala<\/a><\/h3><\/header><div class=\"cmsmasters_project_content entry-content\">\n<p>Autoescuela adaptada para discapacitados auditivos \/ Driving school adapted for the hearing impaired Consultar centros de ense\u00f1anza Telf: 917 242...<\/p>\n<\/div>\n<footer class=\"cmsmasters_project_footer entry-meta\"><a class=\"cmsmasters_project_read_more\" href=\"https:\/\/nacersordo.com\/en\/project\/autoescuelas-gala\/\">Read More<\/a><div class=\"cmsmasters_project_footer_meta_info\"><\/div><\/footer><\/div><span class=\"dn meta-date\">20180226174706<\/span>\t<\/div>\n<\/article>\n<!--_________________________ Finish Project Grid Article _________________________ -->\n\n<!--_________________________ Start Project Grid Article _________________________ -->\n<article id=\"post-14910\" class=\"cmsmasters_project_grid post-14910 project type-project status-publish format-standard has-post-thumbnail hentry pj-categs-educacion pj-categs-education pj-categs-psicologia pj-categs-psychology\" data-category=\"educacion education psicologia psychology\">\n\t<div class=\"project_outer\">\n\t<figure class=\"cmsmasters_img_rollover_wrap preloader highImg\"><img loading=\"lazy\" decoding=\"async\" width=\"553\" height=\"331\" src=\"https:\/\/nacersordo.com\/wp-content\/uploads\/2017\/11\/cappe.jpg\" class=\"full-width wp-post-image\" alt=\"CAPPE\" title=\"CAPPE\" srcset=\"https:\/\/nacersordo.com\/wp-content\/uploads\/2017\/11\/cappe.jpg 553w, https:\/\/nacersordo.com\/wp-content\/uploads\/2017\/11\/cappe-300x180.jpg 300w\" sizes=\"(max-width: 553px) 100vw, 553px\" \/><div class=\"cmsmasters_img_rollover\"><a href=\"https:\/\/nacersordo.com\/en\/project\/cappe\/\" title=\"CAPPE\" class=\"cmsmasters_open_link\"><\/a><\/div><\/figure><div class=\"project_inner\"><header class=\"cmsmasters_project_header entry-header\"><h3 class=\"cmsmasters_project_title entry-title\"><a href=\"https:\/\/nacersordo.com\/en\/project\/cappe\/\">CAPPE<\/a><\/h3><\/header><div class=\"cmsmasters_project_content entry-content\">\n<p>Centro de atenci\u00f3n personalizada en psicolog\u00eda y educaci\u00f3n \/\u00a0Personalized attention center in psychology and education Pza. Catalu\u00f1a 6 (local 7),...<\/p>\n<\/div>\n<footer class=\"cmsmasters_project_footer entry-meta\"><a class=\"cmsmasters_project_read_more\" href=\"https:\/\/nacersordo.com\/en\/project\/cappe\/\">Read More<\/a><div class=\"cmsmasters_project_footer_meta_info\"><\/div><\/footer><\/div><span class=\"dn meta-date\">20171128223153<\/span>\t<\/div>\n<\/article>\n<!--_________________________ Finish Project Grid Article _________________________ -->\n\n<!--_________________________ Start Project Grid Article _________________________ -->\n<article id=\"post-14961\" class=\"cmsmasters_project_grid post-14961 project type-project status-publish format-standard has-post-thumbnail hentry pj-categs-chiropody pj-categs-fisioterapia pj-categs-osteopathy pj-categs-osteopatia pj-categs-physiotherapy pj-categs-podologia\" data-category=\"chiropody fisioterapia osteopathy osteopatia physiotherapy podologia\">\n\t<div class=\"project_outer\">\n\t<figure class=\"cmsmasters_img_rollover_wrap preloader highImg\"><img loading=\"lazy\" decoding=\"async\" width=\"553\" height=\"331\" src=\"https:\/\/nacersordo.com\/wp-content\/uploads\/2017\/11\/clinica-capon.jpg\" class=\"full-width wp-post-image\" alt=\"Cl\u00ednica Cap\u00f3n\" title=\"Cl\u00ednica Cap\u00f3n\" srcset=\"https:\/\/nacersordo.com\/wp-content\/uploads\/2017\/11\/clinica-capon.jpg 553w, https:\/\/nacersordo.com\/wp-content\/uploads\/2017\/11\/clinica-capon-300x180.jpg 300w\" sizes=\"(max-width: 553px) 100vw, 553px\" \/><div class=\"cmsmasters_img_rollover\"><a href=\"https:\/\/nacersordo.com\/en\/project\/clinica-capon\/\" title=\"Cl\u00ednica Cap\u00f3n\" class=\"cmsmasters_open_link\"><\/a><\/div><\/figure><div class=\"project_inner\"><header class=\"cmsmasters_project_header entry-header\"><h3 class=\"cmsmasters_project_title entry-title\"><a href=\"https:\/\/nacersordo.com\/en\/project\/clinica-capon\/\">Cl\u00ednica Cap\u00f3n<\/a><\/h3><\/header><div class=\"cmsmasters_project_content entry-content\">\n<p>Centro cl\u00ednico de fisioterapia, osteopat\u00eda y podolog\u00eda \/\u00a0Clinical center of physiotherapy, osteopathy and podiatry C\/ Valle de Laciana 82, 28035...<\/p>\n<\/div>\n<footer class=\"cmsmasters_project_footer entry-meta\"><a class=\"cmsmasters_project_read_more\" href=\"https:\/\/nacersordo.com\/en\/project\/clinica-capon\/\">Leer m\u00e1s<\/a><div class=\"cmsmasters_project_footer_meta_info\"><\/div><\/footer><\/div><span class=\"dn meta-date\">20171129193253<\/span>\t<\/div>\n<\/article>\n<!--_________________________ Finish Project Grid Article _________________________ -->\n\n<!--_________________________ Start Project Grid Article _________________________ -->\n<article id=\"post-14964\" class=\"cmsmasters_project_grid post-14964 project type-project status-publish format-standard has-post-thumbnail hentry pj-categs-interpretes pj-categs-sign-language-interpreters\" data-category=\"interpretes sign-language-interpreters\">\n\t<div class=\"project_outer\">\n\t<figure class=\"cmsmasters_img_rollover_wrap preloader highImg\"><img loading=\"lazy\" decoding=\"async\" width=\"553\" height=\"331\" src=\"https:\/\/nacersordo.com\/wp-content\/uploads\/2017\/11\/entresignos.jpg\" class=\"full-width wp-post-image\" alt=\"Entresignos\" title=\"Entresignos\" srcset=\"https:\/\/nacersordo.com\/wp-content\/uploads\/2017\/11\/entresignos.jpg 553w, https:\/\/nacersordo.com\/wp-content\/uploads\/2017\/11\/entresignos-300x180.jpg 300w\" sizes=\"(max-width: 553px) 100vw, 553px\" \/><div class=\"cmsmasters_img_rollover\"><a href=\"https:\/\/nacersordo.com\/en\/project\/entresignos\/\" title=\"Entresignos\" class=\"cmsmasters_open_link\"><\/a><\/div><\/figure><div class=\"project_inner\"><header class=\"cmsmasters_project_header entry-header\"><h3 class=\"cmsmasters_project_title entry-title\"><a href=\"https:\/\/nacersordo.com\/en\/project\/entresignos\/\">Entresignos<\/a><\/h3><\/header><div class=\"cmsmasters_project_content entry-content\">\n<p>Servicio profesional de int\u00e9rpretes de lengua de signos \/\u00a0Professional service of sign language interpreters Pontevedra y Ourense aunque se ofrece...<\/p>\n<\/div>\n<footer class=\"cmsmasters_project_footer entry-meta\"><a class=\"cmsmasters_project_read_more\" href=\"https:\/\/nacersordo.com\/en\/project\/entresignos\/\">Leer m\u00e1s \/ Read more<\/a><div class=\"cmsmasters_project_footer_meta_info\"><\/div><\/footer><\/div><span class=\"dn meta-date\">20171129193826<\/span>\t<\/div>\n<\/article>\n<!--_________________________ Finish Project Grid Article _________________________ -->\n\n<!--_________________________ Start Project Grid Article _________________________ -->\n<article id=\"post-14955\" class=\"cmsmasters_project_grid post-14955 project type-project status-publish format-standard has-post-thumbnail hentry pj-categs-educacion pj-categs-education pj-categs-pedagogia pj-categs-pedagogy pj-categs-psicologia pj-categs-psychology\" data-category=\"educacion education pedagogia pedagogy psicologia psychology\">\n\t<div class=\"project_outer\">\n\t<figure class=\"cmsmasters_img_rollover_wrap preloader highImg\"><img loading=\"lazy\" decoding=\"async\" width=\"553\" height=\"331\" src=\"https:\/\/nacersordo.com\/wp-content\/uploads\/2017\/11\/evoluciona.jpg\" class=\"full-width wp-post-image\" alt=\"Evoluciona\" title=\"Evoluciona\" srcset=\"https:\/\/nacersordo.com\/wp-content\/uploads\/2017\/11\/evoluciona.jpg 553w, https:\/\/nacersordo.com\/wp-content\/uploads\/2017\/11\/evoluciona-300x180.jpg 300w\" sizes=\"(max-width: 553px) 100vw, 553px\" \/><div class=\"cmsmasters_img_rollover\"><a href=\"https:\/\/nacersordo.com\/en\/project\/evoluciona\/\" title=\"Evoluciona\" class=\"cmsmasters_open_link\"><\/a><\/div><\/figure><div class=\"project_inner\"><header class=\"cmsmasters_project_header entry-header\"><h3 class=\"cmsmasters_project_title entry-title\"><a href=\"https:\/\/nacersordo.com\/en\/project\/evoluciona\/\">Evoluciona<\/a><\/h3><\/header><div class=\"cmsmasters_project_content entry-content\">\n<p>Centro pedag\u00f3gico y del lenguaje \/\u00a0Pedagogical and language center C\/ Antonio Lozano Vi\u00f1es 2 Bajo B, 19001 Guadalajara Telf: 949...<\/p>\n<\/div>\n<footer class=\"cmsmasters_project_footer entry-meta\"><a class=\"cmsmasters_project_read_more\" href=\"https:\/\/nacersordo.com\/en\/project\/evoluciona\/\">Leer m\u00e1s<\/a><div class=\"cmsmasters_project_footer_meta_info\"><\/div><\/footer><\/div><span class=\"dn meta-date\">20171129192517<\/span>\t<\/div>\n<\/article>\n<!--_________________________ Finish Project Grid Article _________________________ -->\n\n<!--_________________________ Start Project Grid Article _________________________ -->\n<article id=\"post-16264\" class=\"cmsmasters_project_grid post-16264 project type-project status-publish format-standard has-post-thumbnail hentry pj-categs-agencias-de-viajes pj-categs-travel-agency\" data-category=\"agencias-de-viajes travel-agency\">\n\t<div class=\"project_outer\">\n\t<figure class=\"cmsmasters_img_rollover_wrap preloader highImg\"><img loading=\"lazy\" decoding=\"async\" width=\"553\" height=\"331\" src=\"https:\/\/nacersordo.com\/wp-content\/uploads\/2018\/12\/halcon-viajes.jpg\" class=\"full-width wp-post-image\" alt=\"Halc\u00f3n Viajes\" title=\"Halc\u00f3n Viajes\" srcset=\"https:\/\/nacersordo.com\/wp-content\/uploads\/2018\/12\/halcon-viajes.jpg 553w, https:\/\/nacersordo.com\/wp-content\/uploads\/2018\/12\/halcon-viajes-300x180.jpg 300w\" sizes=\"(max-width: 553px) 100vw, 553px\" \/><div class=\"cmsmasters_img_rollover\"><a href=\"https:\/\/nacersordo.com\/en\/project\/halcon-viajes\/\" title=\"Halc\u00f3n Viajes\" class=\"cmsmasters_open_link\"><\/a><\/div><\/figure><div class=\"project_inner\"><header class=\"cmsmasters_project_header entry-header\"><h3 class=\"cmsmasters_project_title entry-title\"><a href=\"https:\/\/nacersordo.com\/en\/project\/halcon-viajes\/\">Halc\u00f3n Viajes<\/a><\/h3><\/header><div class=\"cmsmasters_project_content entry-content\">\n<p>Agencias de viajes adaptadas para discapacitados auditivos \/ Travel agency\u00a0adapted for the hearing impaired Consultar listado de oficinas con servicio...<\/p>\n<\/div>\n<footer class=\"cmsmasters_project_footer entry-meta\"><a class=\"cmsmasters_project_read_more\" href=\"https:\/\/nacersordo.com\/en\/project\/halcon-viajes\/\">Read More<\/a><div class=\"cmsmasters_project_footer_meta_info\"><\/div><\/footer><\/div><span class=\"dn meta-date\">20181218141354<\/span>\t<\/div>\n<\/article>\n<!--_________________________ Finish Project Grid Article _________________________ -->\n\n<!--_________________________ Start Project Grid Article _________________________ -->\n<article id=\"post-14976\" class=\"cmsmasters_project_grid post-14976 project type-project status-publish format-standard has-post-thumbnail hentry pj-categs-psicologia pj-categs-psychology\" data-category=\"psicologia psychology\">\n\t<div class=\"project_outer\">\n\t<figure class=\"cmsmasters_img_rollover_wrap preloader highImg\"><img loading=\"lazy\" decoding=\"async\" width=\"553\" height=\"331\" src=\"https:\/\/nacersordo.com\/wp-content\/uploads\/2017\/11\/welearncoaching.jpg\" class=\"full-width wp-post-image\" alt=\"We Learn Coaching\" title=\"We Learn Coaching\" srcset=\"https:\/\/nacersordo.com\/wp-content\/uploads\/2017\/11\/welearncoaching.jpg 553w, https:\/\/nacersordo.com\/wp-content\/uploads\/2017\/11\/welearncoaching-300x180.jpg 300w\" sizes=\"(max-width: 553px) 100vw, 553px\" \/><div class=\"cmsmasters_img_rollover\"><a href=\"https:\/\/nacersordo.com\/en\/project\/we-learn-coaching\/\" title=\"We Learn Coaching\" class=\"cmsmasters_open_link\"><\/a><\/div><\/figure><div class=\"project_inner\"><header class=\"cmsmasters_project_header entry-header\"><h3 class=\"cmsmasters_project_title entry-title\"><a href=\"https:\/\/nacersordo.com\/en\/project\/we-learn-coaching\/\">We Learn Coaching<\/a><\/h3><\/header><div class=\"cmsmasters_project_content entry-content\">\n<p>Psic\u00f3logos Expertos en Coaching Personal y Organizacional \/\u00a0Expert Psychologists in Personal and Organizational Coaching C\/ Juan Bravo, 32 1\u00ba Dcha...<\/p>\n<\/div>\n<footer class=\"cmsmasters_project_footer entry-meta\"><a class=\"cmsmasters_project_read_more\" href=\"https:\/\/nacersordo.com\/en\/project\/we-learn-coaching\/\">Leer m\u00e1s \/ Read more<\/a><div class=\"cmsmasters_project_footer_meta_info\"><\/div><\/footer><\/div><span class=\"dn meta-date\">20171129195928<\/span>\t<\/div>\n<\/article>\n<!--_________________________ Finish Project Grid Article _________________________ -->\n\n<\/div><div class=\"cmsmasters_wrap_more_projects cmsmasters_wrap_more_items\"><\/div><\/div>\n<\/div>\n<\/div>\n<\/div>\n<\/div>\n<\/div>\n<\/div>\n<div id=\"cmsmasters_row_2ef63jq5cl\" class=\"cmsmasters_row cmsmasters_color_scheme_default cmsmasters_row_top_default cmsmasters_row_bot_default cmsmasters_row_boxed\">\n<div class=\"cmsmasters_row_outer_parent\">\n<div class=\"cmsmasters_row_outer\">\n<div class=\"cmsmasters_row_inner\">\n<div class=\"cmsmasters_row_margin\">\n<div class=\"cmsmasters_column one_first\">\n<p><\/p>\n<\/div>\n<\/div>\n<\/div>\n<\/div>\n<\/div>\n<\/div>\n\n","protected":false},"excerpt":{"rendered":"","protected":false},"author":2,"featured_media":13679,"parent":0,"menu_order":0,"comment_status":"closed","ping_status":"closed","template":"","meta":{"footnotes":""},"_links":{"self":[{"href":"https:\/\/nacersordo.com\/en\/wp-json\/wp\/v2\/pages\/14847"}],"collection":[{"href":"https:\/\/nacersordo.com\/en\/wp-json\/wp\/v2\/pages"}],"about":[{"href":"https:\/\/nacersordo.com\/en\/wp-json\/wp\/v2\/types\/page"}],"author":[{"embeddable":true,"href":"https:\/\/nacersordo.com\/en\/wp-json\/wp\/v2\/users\/2"}],"replies":[{"embeddable":true,"href":"https:\/\/nacersordo.com\/en\/wp-json\/wp\/v2\/comments?post=14847"}],"version-history":[{"count":47,"href":"https:\/\/nacersordo.com\/en\/wp-json\/wp\/v2\/pages\/14847\/revisions"}],"predecessor-version":[{"id":16273,"href":"https:\/\/nacersordo.com\/en\/wp-json\/wp\/v2\/pages\/14847\/revisions\/16273"}],"wp:featuredmedia":[{"embeddable":true,"href":"https:\/\/nacersordo.com\/en\/wp-json\/wp\/v2\/media\/13679"}],"wp:attachment":[{"href":"https:\/\/nacersordo.com\/en\/wp-json\/wp\/v2\/media?parent=14847"}],"curies":[{"name":"wp","href":"https:\/\/api.w.org\/{rel}","templated":true}]}}