{"id":13702,"date":"2017-09-10T07:38:43","date_gmt":"2017-09-10T07:38:43","guid":{"rendered":"http:\/\/nacersordo.com\/?page_id=13702"},"modified":"2018-01-19T13:21:37","modified_gmt":"2018-01-19T11:21:37","slug":"que-tipos-de-profesionales-hay","status":"publish","type":"page","link":"https:\/\/nacersordo.com\/en\/que-tipos-de-profesionales-hay\/","title":{"rendered":"How many professionals are there?"},"content":{"rendered":"<div id=\"cmsmasters_row_\" class=\"cmsmasters_row cmsmasters_color_scheme_default cmsmasters_row_top_default cmsmasters_row_bot_default cmsmasters_row_boxed\">\n<div class=\"cmsmasters_row_outer_parent\">\n<div class=\"cmsmasters_row_outer\">\n<div class=\"cmsmasters_row_inner\">\n<div class=\"cmsmasters_row_margin\">\n<div class=\"cmsmasters_column one_first\">\n<div class=\"cmsmasters_img  cmsmasters_image_n with_caption sin-pie\">\n<img decoding=\"async\" src=\"https:\/\/nacersordo.com\/wp-content\/uploads\/2017\/09\/TIPOS-DE-PROFESIONALES.jpg\" alt=\" Adult woman putting on a hearing aid - Professionals\" \/>\n<p class=\"cmsmasters_img_caption\">Adult woman putting on a hearing aid - Professionals<\/p><\/div>\n<div id=\"cmsmasters_heading_4qfb5c9bw7\" class=\"cmsmasters_heading_wrap cmsmasters_heading_align_left\">\n\t<h1 class=\"cmsmasters_heading\">How many professionals are there?<\/h1>\n<\/div><div class=\"cmsmasters_toggles toggles_mode_accordion\">\n<div class=\"cmsmasters_toggle_wrap\" data-tags=\"all \">\n<div class=\"cmsmasters_toggle_title\">\n<span class=\"cmsmasters_toggle_plus\">\n<span class=\"cmsmasters_toggle_plus_hor\"><\/span>\n<span class=\"cmsmasters_toggle_plus_vert\"><\/span>\n<\/span>\n<a href=\"#\">Speech therapist<\/a>\n<\/div>\n<div class=\"cmsmasters_toggle\">\n<div class=\"cmsmasters_toggle_inner\">\n<p><span style=\"font-weight: 400;\">Constitutes the health professional who deals with scientific study, prevention, evaluation, speech therapy diagnosis and treatment of human communication processes, oral non-verbal functions and related disorders (disorders of swallowing , hearing, speech, voice, language &#8230;), as well as knowledge of the means to prevent, evaluate and treat them.<\/span><\/p>\n<\/div>\n<\/div>\n<\/div><div class=\"cmsmasters_toggle_wrap\" data-tags=\"all \">\n<div class=\"cmsmasters_toggle_title\">\n<span class=\"cmsmasters_toggle_plus\">\n<span class=\"cmsmasters_toggle_plus_hor\"><\/span>\n<span class=\"cmsmasters_toggle_plus_vert\"><\/span>\n<\/span>\n<a href=\"#\">Hearing aid professional<\/a>\n<\/div>\n<div class=\"cmsmasters_toggle\">\n<div class=\"cmsmasters_toggle_inner\">\n<p><span style=\"font-weight: 400;\">According to the protocol of prosthetic adaptation developed by the <a href=\"http:\/\/www.audioprotesistas.org\/\">National Association of Hearing Care Professionals (ANA)<\/a>, the hearing care professional makes a first contact with the patient, during which a small study is carried out looking for possible family history, exposure to noise in the workplace or social environment, or other factors that allow you to better analyze the auditory problem.<\/span><\/p>\n<p><span style=\"font-weight: 400;\">Subsequently, he creates audiometries that will determine what the hearing thresholds are or the <\/span><span style=\"font-weight: 400;\">degree of <a href=\"https:\/\/nacersordo.com\/en\/tipos-de-sordera\/\">hearing loss<\/a><\/span><span style=\"font-weight: 400;\">, as well as the auditory quality of the patient. Once the tests are finished, the results are evaluated and, with them, the selection of the most convenient hearing aid.<\/span><\/p>\n<\/div>\n<\/div>\n<\/div><div class=\"cmsmasters_toggle_wrap\" data-tags=\"all \">\n<div class=\"cmsmasters_toggle_title\">\n<span class=\"cmsmasters_toggle_plus\">\n<span class=\"cmsmasters_toggle_plus_hor\"><\/span>\n<span class=\"cmsmasters_toggle_plus_vert\"><\/span>\n<\/span>\n<a href=\"#\">Otolaryngologist<\/a>\n<\/div>\n<div class=\"cmsmasters_toggle\">\n<div class=\"cmsmasters_toggle_inner\">\n<p><span style=\"font-weight: 400;\">Otorhinolaryngology is the medical specialty that is responsible for both medical and surgical study of diseases of the ear, upper respiratory tract and part of the lower, including nose, paranasal sinuses, pharynx and larynx.<\/span><\/p>\n<\/div>\n<\/div>\n<\/div><div class=\"cmsmasters_toggle_wrap\" data-tags=\"all \">\n<div class=\"cmsmasters_toggle_title\">\n<span class=\"cmsmasters_toggle_plus\">\n<span class=\"cmsmasters_toggle_plus_hor\"><\/span>\n<span class=\"cmsmasters_toggle_plus_vert\"><\/span>\n<\/span>\n<a href=\"#\">Sign language interpreter<\/a>\n<\/div>\n<div class=\"cmsmasters_toggle\">\n<div class=\"cmsmasters_toggle_inner\">\n<p><span style=\"font-weight: 400;\">Professional in possession of the corresponding accreditation obtained through regulated training that performs a translation (interpretation) of what is expressed orally to sign language, thus helping deaf people to understand and follow it up.<\/span><span style=\"font-weight: 400;\"><br \/>\n<\/span><span style=\"font-weight: 400;\">This interpretation will be carried out at all times in the most neutral and exact way possible, even adapting to the communicative abilities of the users.<\/span><\/p>\n<\/div>\n<\/div>\n<\/div><div class=\"cmsmasters_toggle_wrap\" data-tags=\"all \">\n<div class=\"cmsmasters_toggle_title\">\n<span class=\"cmsmasters_toggle_plus\">\n<span class=\"cmsmasters_toggle_plus_hor\"><\/span>\n<span class=\"cmsmasters_toggle_plus_vert\"><\/span>\n<\/span>\n<a href=\"#\">Master of hearing and language<\/a>\n<\/div>\n<div class=\"cmsmasters_toggle\">\n<div class=\"cmsmasters_toggle_inner\">\n<p><span style=\"font-weight: 400;\">Professional educational profile whose function is the dedication to special education, from the perspective of language. His competences deal with the treatment and the detailed intervention of the disorders and pathologies that concern both the expressive aspect and the comprehensive aspect of the language. Their work can begin in children from infant stage to include intervention in the secondary stage.<\/span><span style=\"font-weight: 400;\"><br \/>\n<\/span><span style=\"font-weight: 400;\">It differs from a speech therapist in that it has the academic training of a teacher, that is to say, didactic and therefore can oppose the body of teachers, an aspect to which a speech therapist can not choose.<\/span><\/p>\n<\/div>\n<\/div>\n<\/div><div class=\"cmsmasters_toggle_wrap\" data-tags=\"all \">\n<div class=\"cmsmasters_toggle_title\">\n<span class=\"cmsmasters_toggle_plus\">\n<span class=\"cmsmasters_toggle_plus_hor\"><\/span>\n<span class=\"cmsmasters_toggle_plus_vert\"><\/span>\n<\/span>\n<a href=\"#\">Master of therapeutic pedagogy<\/a>\n<\/div>\n<div class=\"cmsmasters_toggle\">\n<div class=\"cmsmasters_toggle_inner\">\n<p><span style=\"font-weight: 400;\">Professional educational profile whose main function is to promote and promote the integration and inclusion of the student with specific educational support needs given their possible learning difficulties.<\/span><\/p>\n<\/div>\n<\/div>\n<\/div><\/div>\n<\/div>\n<\/div>\n<\/div>\n<\/div>\n<\/div>\n<\/div>\n<div id=\"cmsmasters_row_\" class=\"cmsmasters_row cmsmasters_color_scheme_default cmsmasters_row_top_default cmsmasters_row_bot_default cmsmasters_row_boxed\">\n<div class=\"cmsmasters_row_outer_parent\">\n<div class=\"cmsmasters_row_outer\">\n<div class=\"cmsmasters_row_inner\">\n<div class=\"cmsmasters_row_margin\">\n<div class=\"cmsmasters_column one_first\">\n<div class=\"cmsmasters_text\">\n<p>Si conoces alg\u00fan profesional al que hayas asistido o con el que est\u00e9s trabajando h\u00e1znoslo llegar sus datos a <a href=\"mailto:info@nacersordo.com\">info@nacersordo.com<\/a> con el fin de poder promocionar sus servicios. En caso de que necesites un profesional y no tengas ninguna referencia entra en nuestro \u00e1rea de <a href=\"https:\/\/nacersordo.com\/profesionales\/\">profesionales<\/a> y consulta por categor\u00edas.<\/p>\n<\/div>\n<\/div>\n<\/div>\n<\/div>\n<\/div>\n<\/div>\n<\/div>\n<div id=\"cmsmasters_row_mvi5lvgy3\" class=\"cmsmasters_row cmsmasters_color_scheme_default cmsmasters_row_top_default cmsmasters_row_bot_default cmsmasters_row_boxed\">\n<div class=\"cmsmasters_row_outer_parent\">\n<div class=\"cmsmasters_row_outer\">\n<div class=\"cmsmasters_row_inner\">\n<div class=\"cmsmasters_row_margin\">\n<div class=\"cmsmasters_column one_first\">\n<p><\/p>\n<\/div>\n<\/div>\n<\/div>\n<\/div>\n<\/div>\n<\/div>\n\n","protected":false},"excerpt":{"rendered":"","protected":false},"author":1,"featured_media":13711,"parent":0,"menu_order":0,"comment_status":"closed","ping_status":"closed","template":"","meta":{"footnotes":""},"_links":{"self":[{"href":"https:\/\/nacersordo.com\/en\/wp-json\/wp\/v2\/pages\/13702"}],"collection":[{"href":"https:\/\/nacersordo.com\/en\/wp-json\/wp\/v2\/pages"}],"about":[{"href":"https:\/\/nacersordo.com\/en\/wp-json\/wp\/v2\/types\/page"}],"author":[{"embeddable":true,"href":"https:\/\/nacersordo.com\/en\/wp-json\/wp\/v2\/users\/1"}],"replies":[{"embeddable":true,"href":"https:\/\/nacersordo.com\/en\/wp-json\/wp\/v2\/comments?post=13702"}],"version-history":[{"count":18,"href":"https:\/\/nacersordo.com\/en\/wp-json\/wp\/v2\/pages\/13702\/revisions"}],"predecessor-version":[{"id":15455,"href":"https:\/\/nacersordo.com\/en\/wp-json\/wp\/v2\/pages\/13702\/revisions\/15455"}],"wp:featuredmedia":[{"embeddable":true,"href":"https:\/\/nacersordo.com\/en\/wp-json\/wp\/v2\/media\/13711"}],"wp:attachment":[{"href":"https:\/\/nacersordo.com\/en\/wp-json\/wp\/v2\/media?parent=13702"}],"curies":[{"name":"wp","href":"https:\/\/api.w.org\/{rel}","templated":true}]}}